{"id":24711,"date":"2021-06-28T07:35:04","date_gmt":"2021-06-28T06:35:04","guid":{"rendered":"https:\/\/www.numatic.ch\/?page_id=24711"},"modified":"2026-02-11T16:03:25","modified_gmt":"2026-02-11T15:03:25","slug":"politica-della-qualita-quality","status":"publish","type":"page","link":"https:\/\/www.numatic.ch\/it\/chi-siamo\/politica-della-qualita-quality\/","title":{"rendered":"Qualit\u00e4tspolitik &#038; Ziele IT"},"content":{"rendered":"\t\t<div data-elementor-type=\"wp-page\" data-elementor-id=\"24711\" class=\"elementor elementor-24711 elementor-3326\" data-elementor-post-type=\"page\">\n\t\t\t\t\t\t<section class=\"elementor-section elementor-top-section elementor-element elementor-element-bee6d8a elementor-section-stretched elementor-section-boxed elementor-section-height-default elementor-section-height-default\" data-id=\"bee6d8a\" data-element_type=\"section\" data-e-type=\"section\" data-settings=\"{&quot;stretch_section&quot;:&quot;section-stretched&quot;,&quot;jet_parallax_layout_list&quot;:[{&quot;_id&quot;:&quot;405c97f&quot;,&quot;jet_parallax_layout_image&quot;:{&quot;url&quot;:&quot;&quot;,&quot;id&quot;:&quot;&quot;,&quot;size&quot;:&quot;&quot;},&quot;jet_parallax_layout_image_tablet&quot;:{&quot;url&quot;:&quot;&quot;,&quot;id&quot;:&quot;&quot;,&quot;size&quot;:&quot;&quot;},&quot;jet_parallax_layout_image_mobile&quot;:{&quot;url&quot;:&quot;&quot;,&quot;id&quot;:&quot;&quot;,&quot;size&quot;:&quot;&quot;},&quot;jet_parallax_layout_speed&quot;:{&quot;unit&quot;:&quot;%&quot;,&quot;size&quot;:50,&quot;sizes&quot;:[]},&quot;jet_parallax_layout_type&quot;:&quot;scroll&quot;,&quot;jet_parallax_layout_direction&quot;:&quot;1&quot;,&quot;jet_parallax_layout_fx_direction&quot;:null,&quot;jet_parallax_layout_z_index&quot;:&quot;&quot;,&quot;jet_parallax_layout_bg_x&quot;:50,&quot;jet_parallax_layout_bg_x_tablet&quot;:&quot;&quot;,&quot;jet_parallax_layout_bg_x_mobile&quot;:&quot;&quot;,&quot;jet_parallax_layout_bg_y&quot;:50,&quot;jet_parallax_layout_bg_y_tablet&quot;:&quot;&quot;,&quot;jet_parallax_layout_bg_y_mobile&quot;:&quot;&quot;,&quot;jet_parallax_layout_bg_size&quot;:&quot;auto&quot;,&quot;jet_parallax_layout_bg_size_tablet&quot;:&quot;&quot;,&quot;jet_parallax_layout_bg_size_mobile&quot;:&quot;&quot;,&quot;jet_parallax_layout_animation_prop&quot;:&quot;transform&quot;,&quot;jet_parallax_layout_on&quot;:[&quot;desktop&quot;,&quot;tablet&quot;]}],&quot;background_background&quot;:&quot;classic&quot;}\">\n\t\t\t\t\t\t\t<div class=\"elementor-background-overlay\"><\/div>\n\t\t\t\t\t\t\t<div class=\"elementor-container elementor-column-gap-default\">\n\t\t\t\t\t<div class=\"elementor-column elementor-col-50 elementor-top-column elementor-element elementor-element-8b7c4ee\" data-id=\"8b7c4ee\" data-element_type=\"column\" data-e-type=\"column\">\n\t\t\t<div class=\"elementor-widget-wrap elementor-element-populated\">\n\t\t\t\t\t\t<div class=\"elementor-element elementor-element-16d60d9 elementor-widget elementor-widget-heading\" data-id=\"16d60d9\" data-element_type=\"widget\" data-e-type=\"widget\" data-widget_type=\"heading.default\">\n\t\t\t\t<div class=\"elementor-widget-container\">\n\t\t\t\t\t<h1 class=\"elementor-heading-title elementor-size-default\">Politica e obiettivi di qualit\u00e0<\/h1>\t\t\t\t<\/div>\n\t\t\t\t<\/div>\n\t\t\t\t\t<\/div>\n\t\t<\/div>\n\t\t\t\t<div class=\"elementor-column elementor-col-50 elementor-top-column elementor-element elementor-element-812da4b\" data-id=\"812da4b\" data-element_type=\"column\" data-e-type=\"column\">\n\t\t\t<div class=\"elementor-widget-wrap elementor-element-populated\">\n\t\t\t\t\t\t<div class=\"elementor-element elementor-element-3ed4b66 elementor-align-right elementor-mobile-align-left elementor-widget elementor-widget-breadcrumbs\" data-id=\"3ed4b66\" data-element_type=\"widget\" data-e-type=\"widget\" data-widget_type=\"breadcrumbs.default\">\n\t\t\t\t<div class=\"elementor-widget-container\">\n\t\t\t\t\t<p id=\"breadcrumbs\"><span><span><a href=\"https:\/\/www.numatic.ch\/it\/\">Start<\/a><\/span><\/span><\/p>\t\t\t\t<\/div>\n\t\t\t\t<\/div>\n\t\t\t\t\t<\/div>\n\t\t<\/div>\n\t\t\t\t\t<\/div>\n\t\t<\/section>\n\t\t\t\t<section class=\"elementor-section elementor-top-section elementor-element elementor-element-1b95f02 elementor-section-stretched elementor-section-boxed elementor-section-height-default elementor-section-height-default\" data-id=\"1b95f02\" data-element_type=\"section\" data-e-type=\"section\" data-settings=\"{&quot;stretch_section&quot;:&quot;section-stretched&quot;,&quot;jet_parallax_layout_list&quot;:[{&quot;jet_parallax_layout_image&quot;:{&quot;url&quot;:&quot;&quot;,&quot;id&quot;:&quot;&quot;,&quot;size&quot;:&quot;&quot;},&quot;_id&quot;:&quot;571c7f9&quot;,&quot;jet_parallax_layout_image_tablet&quot;:{&quot;url&quot;:&quot;&quot;,&quot;id&quot;:&quot;&quot;,&quot;size&quot;:&quot;&quot;},&quot;jet_parallax_layout_image_mobile&quot;:{&quot;url&quot;:&quot;&quot;,&quot;id&quot;:&quot;&quot;,&quot;size&quot;:&quot;&quot;},&quot;jet_parallax_layout_speed&quot;:{&quot;unit&quot;:&quot;%&quot;,&quot;size&quot;:50,&quot;sizes&quot;:[]},&quot;jet_parallax_layout_type&quot;:&quot;scroll&quot;,&quot;jet_parallax_layout_direction&quot;:&quot;1&quot;,&quot;jet_parallax_layout_fx_direction&quot;:null,&quot;jet_parallax_layout_z_index&quot;:&quot;&quot;,&quot;jet_parallax_layout_bg_x&quot;:50,&quot;jet_parallax_layout_bg_x_tablet&quot;:&quot;&quot;,&quot;jet_parallax_layout_bg_x_mobile&quot;:&quot;&quot;,&quot;jet_parallax_layout_bg_y&quot;:50,&quot;jet_parallax_layout_bg_y_tablet&quot;:&quot;&quot;,&quot;jet_parallax_layout_bg_y_mobile&quot;:&quot;&quot;,&quot;jet_parallax_layout_bg_size&quot;:&quot;auto&quot;,&quot;jet_parallax_layout_bg_size_tablet&quot;:&quot;&quot;,&quot;jet_parallax_layout_bg_size_mobile&quot;:&quot;&quot;,&quot;jet_parallax_layout_animation_prop&quot;:&quot;transform&quot;,&quot;jet_parallax_layout_on&quot;:[&quot;desktop&quot;,&quot;tablet&quot;]}],&quot;background_background&quot;:&quot;classic&quot;}\">\n\t\t\t\t\t\t<div class=\"elementor-container elementor-column-gap-default\">\n\t\t\t\t\t<div class=\"elementor-column elementor-col-50 elementor-top-column elementor-element elementor-element-496d92a elementor-hidden-tablet elementor-hidden-phone\" data-id=\"496d92a\" data-element_type=\"column\" data-e-type=\"column\">\n\t\t\t<div class=\"elementor-widget-wrap elementor-element-populated\">\n\t\t\t\t\t\t<section class=\"elementor-section elementor-inner-section elementor-element elementor-element-2a9211f elementor-section-boxed elementor-section-height-default elementor-section-height-default\" data-id=\"2a9211f\" data-element_type=\"section\" data-e-type=\"section\" data-settings=\"{&quot;jet_parallax_layout_list&quot;:[{&quot;jet_parallax_layout_image&quot;:{&quot;url&quot;:&quot;&quot;,&quot;id&quot;:&quot;&quot;,&quot;size&quot;:&quot;&quot;},&quot;_id&quot;:&quot;8a9a5e7&quot;,&quot;jet_parallax_layout_image_tablet&quot;:{&quot;url&quot;:&quot;&quot;,&quot;id&quot;:&quot;&quot;,&quot;size&quot;:&quot;&quot;},&quot;jet_parallax_layout_image_mobile&quot;:{&quot;url&quot;:&quot;&quot;,&quot;id&quot;:&quot;&quot;,&quot;size&quot;:&quot;&quot;},&quot;jet_parallax_layout_speed&quot;:{&quot;unit&quot;:&quot;%&quot;,&quot;size&quot;:50,&quot;sizes&quot;:[]},&quot;jet_parallax_layout_type&quot;:&quot;scroll&quot;,&quot;jet_parallax_layout_direction&quot;:&quot;1&quot;,&quot;jet_parallax_layout_fx_direction&quot;:null,&quot;jet_parallax_layout_z_index&quot;:&quot;&quot;,&quot;jet_parallax_layout_bg_x&quot;:50,&quot;jet_parallax_layout_bg_x_tablet&quot;:&quot;&quot;,&quot;jet_parallax_layout_bg_x_mobile&quot;:&quot;&quot;,&quot;jet_parallax_layout_bg_y&quot;:50,&quot;jet_parallax_layout_bg_y_tablet&quot;:&quot;&quot;,&quot;jet_parallax_layout_bg_y_mobile&quot;:&quot;&quot;,&quot;jet_parallax_layout_bg_size&quot;:&quot;auto&quot;,&quot;jet_parallax_layout_bg_size_tablet&quot;:&quot;&quot;,&quot;jet_parallax_layout_bg_size_mobile&quot;:&quot;&quot;,&quot;jet_parallax_layout_animation_prop&quot;:&quot;transform&quot;,&quot;jet_parallax_layout_on&quot;:[&quot;desktop&quot;,&quot;tablet&quot;]}]}\">\n\t\t\t\t\t\t<div class=\"elementor-container elementor-column-gap-default\">\n\t\t\t\t\t<div class=\"elementor-column elementor-col-100 elementor-inner-column elementor-element elementor-element-6175efd\" data-id=\"6175efd\" data-element_type=\"column\" data-e-type=\"column\">\n\t\t\t<div class=\"elementor-widget-wrap elementor-element-populated\">\n\t\t\t\t\t\t<div class=\"elementor-element elementor-element-399dc66 elementor-widget elementor-widget-jet-custom-menu\" data-id=\"399dc66\" data-element_type=\"widget\" data-e-type=\"widget\" data-widget_type=\"jet-custom-menu.default\">\n\t\t\t\t<div class=\"elementor-widget-container\">\n\t\t\t\t\t<div class=\"menu-about-menue-it-container\"><div class=\"jet-custom-nav jet-custom-nav--dropdown-right-side jet-custom-nav--animation-fade\" data-trigger=\"hover\"><div class=\"menu-item menu-item-type-post_type menu-item-object-page jet-custom-nav__item jet-custom-nav__item-42231\"><a href=\"https:\/\/www.numatic.ch\/it\/sostenibilita\/\" class=\"jet-custom-nav__item-link\"><span class=\"jet-menu-link-text\"><span class=\"jet-custom-item-label top-level-label\">Sostenibilit\u00e0<\/span><\/span><\/a><\/div>\n<div class=\"menu-item menu-item-type-post_type menu-item-object-page jet-custom-nav__item jet-custom-nav__item-41452\"><a href=\"https:\/\/www.numatic.ch\/it\/chi-siamo\/numatic-svizzera\/\" class=\"jet-custom-nav__item-link\"><span class=\"jet-menu-link-text\"><span class=\"jet-custom-item-label top-level-label\">Numatic in Svizzera<\/span><\/span><\/a><\/div>\n<div class=\"menu-item menu-item-type-post_type menu-item-object-page jet-custom-nav__item jet-custom-nav__item-41451\"><a href=\"https:\/\/www.numatic.ch\/it\/chi-siamo\/codice-di-comportamento\/\" class=\"jet-custom-nav__item-link\"><span class=\"jet-menu-link-text\"><span class=\"jet-custom-item-label top-level-label\">Codice di condotta<\/span><\/span><\/a><\/div>\n<div class=\"menu-item menu-item-type-post_type menu-item-object-page jet-custom-nav__item jet-custom-nav__item-41453\"><a href=\"https:\/\/www.numatic.ch\/it\/chi-siamo\/politica-della-qualita-quality\/\" class=\"jet-custom-nav__item-link\"><span class=\"jet-menu-link-text\"><span class=\"jet-custom-item-label top-level-label\">Politica e obiettivi di qualit\u00e0<\/span><\/span><\/a><\/div>\n<div class=\"menu-item menu-item-type-post_type menu-item-object-page jet-custom-nav__item jet-custom-nav__item-101512\"><a href=\"https:\/\/www.numatic.ch\/it\/chi-siamo\/storia-dellazienda\/\" class=\"jet-custom-nav__item-link\"><span class=\"jet-menu-link-text\"><span class=\"jet-custom-item-label top-level-label\">Storia dell&#8217;azienda<\/span><\/span><\/a><\/div>\n<div class=\"menu-item menu-item-type-post_type menu-item-object-page jet-custom-nav__item jet-custom-nav__item-41454\"><a href=\"https:\/\/www.numatic.ch\/it\/chi-siamo\/certificazioni\/\" class=\"jet-custom-nav__item-link\"><span class=\"jet-menu-link-text\"><span class=\"jet-custom-item-label top-level-label\">Certificati e accreditamenti<\/span><\/span><\/a><\/div>\n<\/div><\/div>\t\t\t\t<\/div>\n\t\t\t\t<\/div>\n\t\t\t\t\t<\/div>\n\t\t<\/div>\n\t\t\t\t\t<\/div>\n\t\t<\/section>\n\t\t\t\t\t<\/div>\n\t\t<\/div>\n\t\t\t\t<div class=\"elementor-column elementor-col-50 elementor-top-column elementor-element elementor-element-b5e7057\" data-id=\"b5e7057\" data-element_type=\"column\" data-e-type=\"column\" data-settings=\"{&quot;background_background&quot;:&quot;classic&quot;}\">\n\t\t\t<div class=\"elementor-widget-wrap elementor-element-populated\">\n\t\t\t\t\t\t<section class=\"elementor-section elementor-inner-section elementor-element elementor-element-148e04b elementor-section-boxed elementor-section-height-default elementor-section-height-default\" data-id=\"148e04b\" data-element_type=\"section\" data-e-type=\"section\" data-settings=\"{&quot;jet_parallax_layout_list&quot;:[{&quot;jet_parallax_layout_image&quot;:{&quot;url&quot;:&quot;&quot;,&quot;id&quot;:&quot;&quot;,&quot;size&quot;:&quot;&quot;},&quot;_id&quot;:&quot;c9a4033&quot;,&quot;jet_parallax_layout_image_tablet&quot;:{&quot;url&quot;:&quot;&quot;,&quot;id&quot;:&quot;&quot;,&quot;size&quot;:&quot;&quot;},&quot;jet_parallax_layout_image_mobile&quot;:{&quot;url&quot;:&quot;&quot;,&quot;id&quot;:&quot;&quot;,&quot;size&quot;:&quot;&quot;},&quot;jet_parallax_layout_speed&quot;:{&quot;unit&quot;:&quot;%&quot;,&quot;size&quot;:50,&quot;sizes&quot;:[]},&quot;jet_parallax_layout_type&quot;:&quot;scroll&quot;,&quot;jet_parallax_layout_direction&quot;:&quot;1&quot;,&quot;jet_parallax_layout_fx_direction&quot;:null,&quot;jet_parallax_layout_z_index&quot;:&quot;&quot;,&quot;jet_parallax_layout_bg_x&quot;:50,&quot;jet_parallax_layout_bg_x_tablet&quot;:&quot;&quot;,&quot;jet_parallax_layout_bg_x_mobile&quot;:&quot;&quot;,&quot;jet_parallax_layout_bg_y&quot;:50,&quot;jet_parallax_layout_bg_y_tablet&quot;:&quot;&quot;,&quot;jet_parallax_layout_bg_y_mobile&quot;:&quot;&quot;,&quot;jet_parallax_layout_bg_size&quot;:&quot;auto&quot;,&quot;jet_parallax_layout_bg_size_tablet&quot;:&quot;&quot;,&quot;jet_parallax_layout_bg_size_mobile&quot;:&quot;&quot;,&quot;jet_parallax_layout_animation_prop&quot;:&quot;transform&quot;,&quot;jet_parallax_layout_on&quot;:[&quot;desktop&quot;,&quot;tablet&quot;]}]}\">\n\t\t\t\t\t\t<div class=\"elementor-container elementor-column-gap-default\">\n\t\t\t\t\t<div class=\"elementor-column elementor-col-50 elementor-inner-column elementor-element elementor-element-cffee42\" data-id=\"cffee42\" data-element_type=\"column\" data-e-type=\"column\">\n\t\t\t<div class=\"elementor-widget-wrap elementor-element-populated\">\n\t\t\t\t\t\t<div class=\"elementor-element elementor-element-3442d00 elementor-widget elementor-widget-text-editor\" data-id=\"3442d00\" data-element_type=\"widget\" data-e-type=\"widget\" data-widget_type=\"text-editor.default\">\n\t\t\t\t<div class=\"elementor-widget-container\">\n\t\t\t\t\t\t\t\t\t<h5>Politica e obiettivi di qualit\u00e0: i nostri clienti in primo piano<\/h5>\t\t\t\t\t\t\t\t<\/div>\n\t\t\t\t<\/div>\n\t\t\t\t<div class=\"elementor-element elementor-element-59c3791 elementor-widget elementor-widget-text-editor\" data-id=\"59c3791\" data-element_type=\"widget\" data-e-type=\"widget\" data-widget_type=\"text-editor.default\">\n\t\t\t\t<div class=\"elementor-widget-container\">\n\t\t\t\t\t\t\t\t\t<p>La nostra politica della qualit\u00e0 si concentra sull&#8217;orientamento al cliente, sulla qualit\u00e0 del prodotto e del servizio, sull&#8217;uso moderato e sostenibile delle nostre risorse.\u00a0<\/p><p>Il nostro obiettivo \u00e8 offrire ai clienti un sistema di pulizia personalizzato, il che presuppone non solo attrezzature di alta qualit\u00e0 ma anche l\u2019assistenza complementare al prodotto. Si parte da una consulenza completa e competente per poi passare alla fase di addestramento e supporto in loco, fino alla gestione del parco macchine tramite app e all&#8217;assistenza digitale durante l&#8217;uso.<\/p><p>Numatic si considera quindi un fornitore di servizi completi che deve adattarsi alle varie condizioni e agli sviluppi del mercato. Per tale motivo, il continuo miglioramento dei nostri servizi \u00e8 un obiettivo costante della nostra azienda al pari dell&#8217;ulteriore sviluppo e miglioramento del nostro sistema di gestione della qualit\u00e0.<\/p><p>Spetta poi alla clientela giudicare la qualit\u00e0 complessiva del nostro servizio. Possiamo consolidare e rafforzare la posizione di mercato e la competitivit\u00e0 di Numatic solo offrendo massima qualit\u00e0, innovazione e servizio al cliente.<\/p>\t\t\t\t\t\t\t\t<\/div>\n\t\t\t\t<\/div>\n\t\t\t\t\t<\/div>\n\t\t<\/div>\n\t\t\t\t<div class=\"elementor-column elementor-col-50 elementor-inner-column elementor-element elementor-element-86c3ab0\" data-id=\"86c3ab0\" data-element_type=\"column\" data-e-type=\"column\">\n\t\t\t<div class=\"elementor-widget-wrap\">\n\t\t\t\t\t\t\t<\/div>\n\t\t<\/div>\n\t\t\t\t\t<\/div>\n\t\t<\/section>\n\t\t\t\t\t<\/div>\n\t\t<\/div>\n\t\t\t\t\t<\/div>\n\t\t<\/section>\n\t\t\t\t<\/div>\n\t\t","protected":false},"excerpt":{"rendered":"<p>Politica e obiettivi di qualit\u00e0: i nostri clienti in primo piano<\/p>\n","protected":false},"author":31,"featured_media":5704,"parent":23953,"menu_order":0,"comment_status":"closed","ping_status":"closed","template":"","meta":{"_acf_changed":false,"footnotes":""},"class_list":["post-24711","page","type-page","status-publish","has-post-thumbnail","hentry"],"acf":[],"yoast_head":"<!-- This site is optimized with the Yoast SEO plugin v27.4 - https:\/\/yoast.com\/product\/yoast-seo-wordpress\/ -->\n<title>Politica della qualit\u00e0 quality | Numatic International Schweiz AG<\/title>\n<meta name=\"description\" content=\"La nostra politica della qualit\u00e0 si concentra sull\u2019orientamento al cliente, sulla qualit\u00e0 del prodotto e del servizio, sull\u2019uso moderato e sostenibile delle nostre risorse.\" \/>\n<meta name=\"robots\" content=\"index, follow, max-snippet:-1, max-image-preview:large, max-video-preview:-1\" \/>\n<link rel=\"canonical\" href=\"https:\/\/www.numatic.ch\/it\/chi-siamo\/politica-della-qualita-quality\/\" \/>\n<meta property=\"og:locale\" content=\"it_IT\" \/>\n<meta property=\"og:type\" content=\"article\" \/>\n<meta property=\"og:title\" content=\"Politica della qualit\u00e0 quality | Numatic International Schweiz AG\" \/>\n<meta property=\"og:description\" content=\"La nostra politica della qualit\u00e0 si concentra sull\u2019orientamento al cliente, sulla qualit\u00e0 del prodotto e del servizio, sull\u2019uso moderato e sostenibile delle nostre risorse.\" \/>\n<meta property=\"og:url\" content=\"https:\/\/www.numatic.ch\/it\/chi-siamo\/politica-della-qualita-quality\/\" \/>\n<meta property=\"og:site_name\" content=\"Numatic International Schweiz AG\" \/>\n<meta property=\"article:modified_time\" content=\"2026-02-11T15:03:25+00:00\" \/>\n<meta property=\"og:image\" content=\"https:\/\/www.numatic.ch\/wp-content\/uploads\/Gender-Pay-Statement-Image.jpg\" \/>\n\t<meta property=\"og:image:width\" content=\"1000\" \/>\n\t<meta property=\"og:image:height\" content=\"1000\" \/>\n\t<meta property=\"og:image:type\" content=\"image\/jpeg\" \/>\n<meta name=\"twitter:card\" content=\"summary_large_image\" \/>\n<meta name=\"twitter:label1\" content=\"Tempo di lettura stimato\" \/>\n\t<meta name=\"twitter:data1\" content=\"2 minuti\" \/>\n<script type=\"application\/ld+json\" class=\"yoast-schema-graph\">{\"@context\":\"https:\\\/\\\/schema.org\",\"@graph\":[{\"@type\":\"WebPage\",\"@id\":\"https:\\\/\\\/www.numatic.ch\\\/it\\\/chi-siamo\\\/politica-della-qualita-quality\\\/\",\"url\":\"https:\\\/\\\/www.numatic.ch\\\/it\\\/chi-siamo\\\/politica-della-qualita-quality\\\/\",\"name\":\"Politica della qualit\u00e0 quality | Numatic International Schweiz AG\",\"isPartOf\":{\"@id\":\"\\\/#website\"},\"primaryImageOfPage\":{\"@id\":\"https:\\\/\\\/www.numatic.ch\\\/it\\\/chi-siamo\\\/politica-della-qualita-quality\\\/#primaryimage\"},\"image\":{\"@id\":\"https:\\\/\\\/www.numatic.ch\\\/it\\\/chi-siamo\\\/politica-della-qualita-quality\\\/#primaryimage\"},\"thumbnailUrl\":\"\\\/wp-content\\\/uploads\\\/Gender-Pay-Statement-Image.jpg\",\"datePublished\":\"2021-06-28T06:35:04+00:00\",\"dateModified\":\"2026-02-11T15:03:25+00:00\",\"description\":\"La nostra politica della qualit\u00e0 si concentra sull\u2019orientamento al cliente, sulla qualit\u00e0 del prodotto e del servizio, sull\u2019uso moderato e sostenibile delle nostre risorse.\",\"breadcrumb\":{\"@id\":\"https:\\\/\\\/www.numatic.ch\\\/it\\\/chi-siamo\\\/politica-della-qualita-quality\\\/#breadcrumb\"},\"inLanguage\":\"it-IT\",\"potentialAction\":[{\"@type\":\"ReadAction\",\"target\":[\"https:\\\/\\\/www.numatic.ch\\\/it\\\/chi-siamo\\\/politica-della-qualita-quality\\\/\"]}]},{\"@type\":\"ImageObject\",\"inLanguage\":\"it-IT\",\"@id\":\"https:\\\/\\\/www.numatic.ch\\\/it\\\/chi-siamo\\\/politica-della-qualita-quality\\\/#primaryimage\",\"url\":\"\\\/wp-content\\\/uploads\\\/Gender-Pay-Statement-Image.jpg\",\"contentUrl\":\"\\\/wp-content\\\/uploads\\\/Gender-Pay-Statement-Image.jpg\",\"width\":1000,\"height\":1000,\"caption\":\"Gender Pay Statement\"},{\"@type\":\"BreadcrumbList\",\"@id\":\"https:\\\/\\\/www.numatic.ch\\\/it\\\/chi-siamo\\\/politica-della-qualita-quality\\\/#breadcrumb\",\"itemListElement\":[{\"@type\":\"ListItem\",\"position\":1,\"name\":\"Start\",\"item\":\"https:\\\/\\\/www.numatic.ch\\\/it\\\/\"},{\"@type\":\"ListItem\",\"position\":2,\"name\":\"\u00dcber uns IT\",\"item\":\"https:\\\/\\\/www.numatic.ch\\\/it\\\/chi-siamo\\\/\"},{\"@type\":\"ListItem\",\"position\":3,\"name\":\"Qualit\u00e4tspolitik &#038; Ziele IT\"}]},{\"@type\":\"WebSite\",\"@id\":\"\\\/#website\",\"url\":\"\\\/\",\"name\":\"Numatic International Schweiz AG\",\"description\":\"Numatic(CH) - Der Profi im Reinigungsbereich\",\"publisher\":{\"@id\":\"\\\/#organization\"},\"potentialAction\":[{\"@type\":\"SearchAction\",\"target\":{\"@type\":\"EntryPoint\",\"urlTemplate\":\"\\\/?s={search_term_string}\"},\"query-input\":{\"@type\":\"PropertyValueSpecification\",\"valueRequired\":true,\"valueName\":\"search_term_string\"}}],\"inLanguage\":\"it-IT\"},{\"@type\":\"Organization\",\"@id\":\"\\\/#organization\",\"name\":\"Numatic International\",\"url\":\"\\\/\",\"logo\":{\"@type\":\"ImageObject\",\"inLanguage\":\"it-IT\",\"@id\":\"\\\/#\\\/schema\\\/logo\\\/image\\\/\",\"url\":\"\\\/wp-content\\\/uploads\\\/Numatic-Company-Logo.jpg\",\"contentUrl\":\"\\\/wp-content\\\/uploads\\\/Numatic-Company-Logo.jpg\",\"width\":409,\"height\":104,\"caption\":\"Numatic International\"},\"image\":{\"@id\":\"\\\/#\\\/schema\\\/logo\\\/image\\\/\"}}]}<\/script>\n<!-- \/ Yoast SEO plugin. -->","yoast_head_json":{"title":"Politica della qualit\u00e0 quality | Numatic International Schweiz AG","description":"La nostra politica della qualit\u00e0 si concentra sull\u2019orientamento al cliente, sulla qualit\u00e0 del prodotto e del servizio, sull\u2019uso moderato e sostenibile delle nostre risorse.","robots":{"index":"index","follow":"follow","max-snippet":"max-snippet:-1","max-image-preview":"max-image-preview:large","max-video-preview":"max-video-preview:-1"},"canonical":"https:\/\/www.numatic.ch\/it\/chi-siamo\/politica-della-qualita-quality\/","og_locale":"it_IT","og_type":"article","og_title":"Politica della qualit\u00e0 quality | Numatic International Schweiz AG","og_description":"La nostra politica della qualit\u00e0 si concentra sull\u2019orientamento al cliente, sulla qualit\u00e0 del prodotto e del servizio, sull\u2019uso moderato e sostenibile delle nostre risorse.","og_url":"https:\/\/www.numatic.ch\/it\/chi-siamo\/politica-della-qualita-quality\/","og_site_name":"Numatic International Schweiz AG","article_modified_time":"2026-02-11T15:03:25+00:00","og_image":[{"width":1000,"height":1000,"url":"https:\/\/www.numatic.ch\/wp-content\/uploads\/Gender-Pay-Statement-Image.jpg","type":"image\/jpeg"}],"twitter_card":"summary_large_image","twitter_misc":{"Tempo di lettura stimato":"2 minuti"},"schema":{"@context":"https:\/\/schema.org","@graph":[{"@type":"WebPage","@id":"https:\/\/www.numatic.ch\/it\/chi-siamo\/politica-della-qualita-quality\/","url":"https:\/\/www.numatic.ch\/it\/chi-siamo\/politica-della-qualita-quality\/","name":"Politica della qualit\u00e0 quality | Numatic International Schweiz AG","isPartOf":{"@id":"\/#website"},"primaryImageOfPage":{"@id":"https:\/\/www.numatic.ch\/it\/chi-siamo\/politica-della-qualita-quality\/#primaryimage"},"image":{"@id":"https:\/\/www.numatic.ch\/it\/chi-siamo\/politica-della-qualita-quality\/#primaryimage"},"thumbnailUrl":"\/wp-content\/uploads\/Gender-Pay-Statement-Image.jpg","datePublished":"2021-06-28T06:35:04+00:00","dateModified":"2026-02-11T15:03:25+00:00","description":"La nostra politica della qualit\u00e0 si concentra sull\u2019orientamento al cliente, sulla qualit\u00e0 del prodotto e del servizio, sull\u2019uso moderato e sostenibile delle nostre risorse.","breadcrumb":{"@id":"https:\/\/www.numatic.ch\/it\/chi-siamo\/politica-della-qualita-quality\/#breadcrumb"},"inLanguage":"it-IT","potentialAction":[{"@type":"ReadAction","target":["https:\/\/www.numatic.ch\/it\/chi-siamo\/politica-della-qualita-quality\/"]}]},{"@type":"ImageObject","inLanguage":"it-IT","@id":"https:\/\/www.numatic.ch\/it\/chi-siamo\/politica-della-qualita-quality\/#primaryimage","url":"\/wp-content\/uploads\/Gender-Pay-Statement-Image.jpg","contentUrl":"\/wp-content\/uploads\/Gender-Pay-Statement-Image.jpg","width":1000,"height":1000,"caption":"Gender Pay Statement"},{"@type":"BreadcrumbList","@id":"https:\/\/www.numatic.ch\/it\/chi-siamo\/politica-della-qualita-quality\/#breadcrumb","itemListElement":[{"@type":"ListItem","position":1,"name":"Start","item":"https:\/\/www.numatic.ch\/it\/"},{"@type":"ListItem","position":2,"name":"\u00dcber uns IT","item":"https:\/\/www.numatic.ch\/it\/chi-siamo\/"},{"@type":"ListItem","position":3,"name":"Qualit\u00e4tspolitik &#038; Ziele IT"}]},{"@type":"WebSite","@id":"\/#website","url":"\/","name":"Numatic International Schweiz AG","description":"Numatic(CH) - Der Profi im Reinigungsbereich","publisher":{"@id":"\/#organization"},"potentialAction":[{"@type":"SearchAction","target":{"@type":"EntryPoint","urlTemplate":"\/?s={search_term_string}"},"query-input":{"@type":"PropertyValueSpecification","valueRequired":true,"valueName":"search_term_string"}}],"inLanguage":"it-IT"},{"@type":"Organization","@id":"\/#organization","name":"Numatic International","url":"\/","logo":{"@type":"ImageObject","inLanguage":"it-IT","@id":"\/#\/schema\/logo\/image\/","url":"\/wp-content\/uploads\/Numatic-Company-Logo.jpg","contentUrl":"\/wp-content\/uploads\/Numatic-Company-Logo.jpg","width":409,"height":104,"caption":"Numatic International"},"image":{"@id":"\/#\/schema\/logo\/image\/"}}]}},"_links":{"self":[{"href":"https:\/\/www.numatic.ch\/it\/wp-json\/wp\/v2\/pages\/24711","targetHints":{"allow":["GET"]}}],"collection":[{"href":"https:\/\/www.numatic.ch\/it\/wp-json\/wp\/v2\/pages"}],"about":[{"href":"https:\/\/www.numatic.ch\/it\/wp-json\/wp\/v2\/types\/page"}],"author":[{"embeddable":true,"href":"https:\/\/www.numatic.ch\/it\/wp-json\/wp\/v2\/users\/31"}],"replies":[{"embeddable":true,"href":"https:\/\/www.numatic.ch\/it\/wp-json\/wp\/v2\/comments?post=24711"}],"version-history":[{"count":1,"href":"https:\/\/www.numatic.ch\/it\/wp-json\/wp\/v2\/pages\/24711\/revisions"}],"predecessor-version":[{"id":126193,"href":"https:\/\/www.numatic.ch\/it\/wp-json\/wp\/v2\/pages\/24711\/revisions\/126193"}],"up":[{"embeddable":true,"href":"https:\/\/www.numatic.ch\/it\/wp-json\/wp\/v2\/pages\/23953"}],"wp:featuredmedia":[{"embeddable":true,"href":"https:\/\/www.numatic.ch\/it\/wp-json\/wp\/v2\/media\/5704"}],"wp:attachment":[{"href":"https:\/\/www.numatic.ch\/it\/wp-json\/wp\/v2\/media?parent=24711"}],"curies":[{"name":"wp","href":"https:\/\/api.w.org\/{rel}","templated":true}]}}