{"id":96233,"date":"2025-02-24T12:28:18","date_gmt":"2025-02-24T11:28:18","guid":{"rendered":"https:\/\/www.numatic.ch\/non%20class\u00e9\/servomatic-1415\/"},"modified":"2025-02-25T11:17:11","modified_gmt":"2025-02-25T10:17:11","slug":"servomatic-sm1415","status":"publish","type":"product","link":"https:\/\/www.numatic.ch\/fr\/servomatic-chariots-de-nettoyage\/servomatic-sm1415\/","title":{"rendered":"ServoMatic SM1415"},"content":{"rendered":"<p>|ReFlo\u00a0: fabriqu\u00e9 \u00e0 partir de plastique recycl\u00e9 de premi\u00e8re qualit\u00e9|||Construction Structofoam robuste \u00e0 base de copolym\u00e8res|Robuste, r\u00e9sistant aux produits chimiques et facile \u00e0 nettoyer|||Peut \u00eatre utilis\u00e9 avec un syst\u00e8me de nettoyage en option ou comme chariot de transport||||||||||||||Certifi\u00e9 SCS\u00a0: fabriqu\u00e9 \u00e0 partir d&rsquo;au moins 50\u00a0% de mat\u00e9riaux recycl\u00e9s||||||||||||||||||||||||||||2 x 6 l|2 x 6 l|4 x 125 mm|4 x 125 mm<\/p>\n","protected":false},"excerpt":{"rendered":"<p>Chariot de nettoyage compact pour l&rsquo;\u00e9limination et le nettoyage des sols et des surfaces<\/p>\n","protected":false},"featured_media":117241,"comment_status":"closed","ping_status":"closed","template":"","meta":{"_acf_changed":false},"product_brand":[],"product_cat":[2075,2335],"product_tag":[2440],"class_list":{"0":"post-96233","1":"product","2":"type-product","3":"status-publish","4":"has-post-thumbnail","6":"product_cat-chariots-de-nettoyage","7":"product_cat-servomatic-chariots-de-nettoyage","8":"product_tag-reflo-fr","10":"first","11":"instock","12":"taxable","13":"shipping-taxable","14":"purchasable","15":"product-type-simple"},"acf":[],"yoast_head":"<!-- This site is optimized with the Yoast SEO plugin v27.2 - https:\/\/yoast.com\/product\/yoast-seo-wordpress\/ -->\n<title>ServoMatic SM1415 | Numatic International Schweiz AG<\/title>\n<meta name=\"robots\" content=\"index, follow, max-snippet:-1, max-image-preview:large, max-video-preview:-1\" \/>\n<link rel=\"canonical\" href=\"https:\/\/www.numatic.ch\/fr\/servomatic-chariots-de-nettoyage\/servomatic-sm1415\/\" \/>\n<meta property=\"og:locale\" content=\"fr_FR\" \/>\n<meta property=\"og:type\" content=\"article\" \/>\n<meta property=\"og:title\" content=\"ServoMatic SM1415 | Numatic International Schweiz AG\" \/>\n<meta property=\"og:description\" content=\"Chariot de nettoyage compact pour l&#039;\u00e9limination et le nettoyage des sols et des surfaces\" \/>\n<meta property=\"og:url\" content=\"https:\/\/www.numatic.ch\/fr\/servomatic-chariots-de-nettoyage\/servomatic-sm1415\/\" \/>\n<meta property=\"og:site_name\" content=\"Numatic International Schweiz AG\" \/>\n<meta property=\"article:modified_time\" content=\"2025-02-25T10:17:11+00:00\" \/>\n<meta property=\"og:image\" content=\"https:\/\/www.numatic.ch\/wp-content\/uploads\/911117-10.jpg\" \/>\n\t<meta property=\"og:image:width\" content=\"1500\" \/>\n\t<meta property=\"og:image:height\" content=\"1741\" \/>\n\t<meta property=\"og:image:type\" content=\"image\/jpeg\" \/>\n<meta name=\"twitter:card\" content=\"summary_large_image\" \/>\n<script type=\"application\/ld+json\" class=\"yoast-schema-graph\">{\"@context\":\"https:\/\/schema.org\",\"@graph\":[{\"@type\":\"WebPage\",\"@id\":\"https:\/\/www.numatic.ch\/fr\/servomatic-chariots-de-nettoyage\/servomatic-sm1415\/\",\"url\":\"https:\/\/www.numatic.ch\/fr\/servomatic-chariots-de-nettoyage\/servomatic-sm1415\/\",\"name\":\"ServoMatic SM1415 | Numatic International Schweiz AG\",\"isPartOf\":{\"@id\":\"\/#website\"},\"primaryImageOfPage\":{\"@id\":\"https:\/\/www.numatic.ch\/fr\/servomatic-chariots-de-nettoyage\/servomatic-sm1415\/#primaryimage\"},\"image\":{\"@id\":\"https:\/\/www.numatic.ch\/fr\/servomatic-chariots-de-nettoyage\/servomatic-sm1415\/#primaryimage\"},\"thumbnailUrl\":\"\/wp-content\/uploads\/911117-10.jpg\",\"datePublished\":\"2025-02-24T11:28:18+00:00\",\"dateModified\":\"2025-02-25T10:17:11+00:00\",\"breadcrumb\":{\"@id\":\"https:\/\/www.numatic.ch\/fr\/servomatic-chariots-de-nettoyage\/servomatic-sm1415\/#breadcrumb\"},\"inLanguage\":\"fr-FR\",\"potentialAction\":[{\"@type\":\"ReadAction\",\"target\":[\"https:\/\/www.numatic.ch\/fr\/servomatic-chariots-de-nettoyage\/servomatic-sm1415\/\"]}]},{\"@type\":\"ImageObject\",\"inLanguage\":\"fr-FR\",\"@id\":\"https:\/\/www.numatic.ch\/fr\/servomatic-chariots-de-nettoyage\/servomatic-sm1415\/#primaryimage\",\"url\":\"\/wp-content\/uploads\/911117-10.jpg\",\"contentUrl\":\"\/wp-content\/uploads\/911117-10.jpg\",\"width\":1500,\"height\":1741},{\"@type\":\"BreadcrumbList\",\"@id\":\"https:\/\/www.numatic.ch\/fr\/servomatic-chariots-de-nettoyage\/servomatic-sm1415\/#breadcrumb\",\"itemListElement\":[{\"@type\":\"ListItem\",\"position\":1,\"name\":\"Start\",\"item\":\"https:\/\/www.numatic.ch\/fr\/\"},{\"@type\":\"ListItem\",\"position\":2,\"name\":\"ServoMatic SM1415\"}]},{\"@type\":\"WebSite\",\"@id\":\"\/#website\",\"url\":\"\/\",\"name\":\"Numatic International Schweiz AG\",\"description\":\"Numatic(CH) - Der Profi im Reinigungsbereich\",\"publisher\":{\"@id\":\"\/#organization\"},\"potentialAction\":[{\"@type\":\"SearchAction\",\"target\":{\"@type\":\"EntryPoint\",\"urlTemplate\":\"\/?s={search_term_string}\"},\"query-input\":{\"@type\":\"PropertyValueSpecification\",\"valueRequired\":true,\"valueName\":\"search_term_string\"}}],\"inLanguage\":\"fr-FR\"},{\"@type\":\"Organization\",\"@id\":\"\/#organization\",\"name\":\"Numatic International\",\"url\":\"\/\",\"logo\":{\"@type\":\"ImageObject\",\"inLanguage\":\"fr-FR\",\"@id\":\"\/#\/schema\/logo\/image\/\",\"url\":\"\/wp-content\/uploads\/Numatic-Company-Logo.jpg\",\"contentUrl\":\"\/wp-content\/uploads\/Numatic-Company-Logo.jpg\",\"width\":409,\"height\":104,\"caption\":\"Numatic International\"},\"image\":{\"@id\":\"\/#\/schema\/logo\/image\/\"}}]}<\/script>\n<!-- \/ Yoast SEO plugin. -->","yoast_head_json":{"title":"ServoMatic SM1415 | Numatic International Schweiz AG","robots":{"index":"index","follow":"follow","max-snippet":"max-snippet:-1","max-image-preview":"max-image-preview:large","max-video-preview":"max-video-preview:-1"},"canonical":"https:\/\/www.numatic.ch\/fr\/servomatic-chariots-de-nettoyage\/servomatic-sm1415\/","og_locale":"fr_FR","og_type":"article","og_title":"ServoMatic SM1415 | Numatic International Schweiz AG","og_description":"Chariot de nettoyage compact pour l'\u00e9limination et le nettoyage des sols et des surfaces","og_url":"https:\/\/www.numatic.ch\/fr\/servomatic-chariots-de-nettoyage\/servomatic-sm1415\/","og_site_name":"Numatic International Schweiz AG","article_modified_time":"2025-02-25T10:17:11+00:00","og_image":[{"width":1500,"height":1741,"url":"https:\/\/www.numatic.ch\/wp-content\/uploads\/911117-10.jpg","type":"image\/jpeg"}],"twitter_card":"summary_large_image","schema":{"@context":"https:\/\/schema.org","@graph":[{"@type":"WebPage","@id":"https:\/\/www.numatic.ch\/fr\/servomatic-chariots-de-nettoyage\/servomatic-sm1415\/","url":"https:\/\/www.numatic.ch\/fr\/servomatic-chariots-de-nettoyage\/servomatic-sm1415\/","name":"ServoMatic SM1415 | Numatic International Schweiz AG","isPartOf":{"@id":"\/#website"},"primaryImageOfPage":{"@id":"https:\/\/www.numatic.ch\/fr\/servomatic-chariots-de-nettoyage\/servomatic-sm1415\/#primaryimage"},"image":{"@id":"https:\/\/www.numatic.ch\/fr\/servomatic-chariots-de-nettoyage\/servomatic-sm1415\/#primaryimage"},"thumbnailUrl":"\/wp-content\/uploads\/911117-10.jpg","datePublished":"2025-02-24T11:28:18+00:00","dateModified":"2025-02-25T10:17:11+00:00","breadcrumb":{"@id":"https:\/\/www.numatic.ch\/fr\/servomatic-chariots-de-nettoyage\/servomatic-sm1415\/#breadcrumb"},"inLanguage":"fr-FR","potentialAction":[{"@type":"ReadAction","target":["https:\/\/www.numatic.ch\/fr\/servomatic-chariots-de-nettoyage\/servomatic-sm1415\/"]}]},{"@type":"ImageObject","inLanguage":"fr-FR","@id":"https:\/\/www.numatic.ch\/fr\/servomatic-chariots-de-nettoyage\/servomatic-sm1415\/#primaryimage","url":"\/wp-content\/uploads\/911117-10.jpg","contentUrl":"\/wp-content\/uploads\/911117-10.jpg","width":1500,"height":1741},{"@type":"BreadcrumbList","@id":"https:\/\/www.numatic.ch\/fr\/servomatic-chariots-de-nettoyage\/servomatic-sm1415\/#breadcrumb","itemListElement":[{"@type":"ListItem","position":1,"name":"Start","item":"https:\/\/www.numatic.ch\/fr\/"},{"@type":"ListItem","position":2,"name":"ServoMatic SM1415"}]},{"@type":"WebSite","@id":"\/#website","url":"\/","name":"Numatic International Schweiz AG","description":"Numatic(CH) - Der Profi im Reinigungsbereich","publisher":{"@id":"\/#organization"},"potentialAction":[{"@type":"SearchAction","target":{"@type":"EntryPoint","urlTemplate":"\/?s={search_term_string}"},"query-input":{"@type":"PropertyValueSpecification","valueRequired":true,"valueName":"search_term_string"}}],"inLanguage":"fr-FR"},{"@type":"Organization","@id":"\/#organization","name":"Numatic International","url":"\/","logo":{"@type":"ImageObject","inLanguage":"fr-FR","@id":"\/#\/schema\/logo\/image\/","url":"\/wp-content\/uploads\/Numatic-Company-Logo.jpg","contentUrl":"\/wp-content\/uploads\/Numatic-Company-Logo.jpg","width":409,"height":104,"caption":"Numatic International"},"image":{"@id":"\/#\/schema\/logo\/image\/"}}]}},"_links":{"self":[{"href":"https:\/\/www.numatic.ch\/fr\/wp-json\/wp\/v2\/product\/96233","targetHints":{"allow":["GET"]}}],"collection":[{"href":"https:\/\/www.numatic.ch\/fr\/wp-json\/wp\/v2\/product"}],"about":[{"href":"https:\/\/www.numatic.ch\/fr\/wp-json\/wp\/v2\/types\/product"}],"replies":[{"embeddable":true,"href":"https:\/\/www.numatic.ch\/fr\/wp-json\/wp\/v2\/comments?post=96233"}],"wp:featuredmedia":[{"embeddable":true,"href":"https:\/\/www.numatic.ch\/fr\/wp-json\/wp\/v2\/media\/117241"}],"wp:attachment":[{"href":"https:\/\/www.numatic.ch\/fr\/wp-json\/wp\/v2\/media?parent=96233"}],"wp:term":[{"taxonomy":"product_brand","embeddable":true,"href":"https:\/\/www.numatic.ch\/fr\/wp-json\/wp\/v2\/product_brand?post=96233"},{"taxonomy":"product_cat","embeddable":true,"href":"https:\/\/www.numatic.ch\/fr\/wp-json\/wp\/v2\/product_cat?post=96233"},{"taxonomy":"product_tag","embeddable":true,"href":"https:\/\/www.numatic.ch\/fr\/wp-json\/wp\/v2\/product_tag?post=96233"}],"curies":[{"name":"wp","href":"https:\/\/api.w.org\/{rel}","templated":true}]}}