{"id":95983,"date":"2025-02-24T11:08:08","date_gmt":"2025-02-24T11:27:29","guid":{"rendered":"https:\/\/www.numatic.ch\/non%20class\u00e9\/midmop-plus\/"},"modified":"2025-02-25T11:17:11","modified_gmt":"2025-02-25T10:17:11","slug":"midmop-mmb1616","status":"publish","type":"product","link":"https:\/\/www.numatic.ch\/fr\/comcar-chariots-de-nettoyage\/midmop-mmb1616\/","title":{"rendered":"MidMop MMB1616"},"content":{"rendered":"<p>|ReFlo\u00a0: fabriqu\u00e9 \u00e0 partir de plastique recycl\u00e9 de premi\u00e8re qualit\u00e9|||Construction Structofoam robuste \u00e0 base de copolym\u00e8res|Robuste, r\u00e9sistant aux produits chimiques et facile \u00e0 nettoyer|||Presse verticale robuste avec une garantie de deux ans|Convient \u00e0 tous les types et tailles de mops|||||||||||||Certifi\u00e9 SCS\u00a0: fabriqu\u00e9 \u00e0 partir d&rsquo;au moins 50\u00a0% de mat\u00e9riaux recycl\u00e9s||||||||||||||||||||||||||||Facultatif|Opzionale|4 x 75 mm|4 x 75 mm<\/p>\n","protected":false},"excerpt":{"rendered":"<p>Seau double \u00e0 roulettes avec support pour serpilli\u00e8re pour les travaux d&rsquo;essuyage classiques<\/p>\n","protected":false},"featured_media":102397,"comment_status":"closed","ping_status":"closed","template":"","meta":{"_acf_changed":false},"product_brand":[],"product_cat":[2331,2075],"product_tag":[],"class_list":{"0":"post-95983","1":"product","2":"type-product","3":"status-publish","4":"has-post-thumbnail","6":"product_cat-comcar-chariots-de-nettoyage","7":"product_cat-chariots-de-nettoyage","9":"first","10":"instock","11":"taxable","12":"shipping-taxable","13":"purchasable","14":"product-type-simple"},"acf":[],"yoast_head":"<!-- This site is optimized with the Yoast SEO plugin v27.2 - https:\/\/yoast.com\/product\/yoast-seo-wordpress\/ -->\n<title>MidMop MMB1616 | Numatic International Schweiz AG<\/title>\n<meta name=\"robots\" content=\"index, follow, max-snippet:-1, max-image-preview:large, max-video-preview:-1\" \/>\n<link rel=\"canonical\" href=\"https:\/\/www.numatic.ch\/fr\/comcar-chariots-de-nettoyage\/midmop-mmb1616\/\" \/>\n<meta property=\"og:locale\" content=\"fr_FR\" \/>\n<meta property=\"og:type\" content=\"article\" \/>\n<meta property=\"og:title\" content=\"MidMop MMB1616 | Numatic International Schweiz AG\" \/>\n<meta property=\"og:description\" content=\"Seau double \u00e0 roulettes avec support pour serpilli\u00e8re pour les travaux d&#039;essuyage classiques\" \/>\n<meta property=\"og:url\" content=\"https:\/\/www.numatic.ch\/fr\/comcar-chariots-de-nettoyage\/midmop-mmb1616\/\" \/>\n<meta property=\"og:site_name\" content=\"Numatic International Schweiz AG\" \/>\n<meta property=\"article:modified_time\" content=\"2025-02-25T10:17:11+00:00\" \/>\n<meta property=\"og:image\" content=\"https:\/\/www.numatic.ch\/wp-content\/uploads\/910456-5.jpg\" \/>\n\t<meta property=\"og:image:width\" content=\"1500\" \/>\n\t<meta property=\"og:image:height\" content=\"2303\" \/>\n\t<meta property=\"og:image:type\" content=\"image\/jpeg\" \/>\n<meta name=\"twitter:card\" content=\"summary_large_image\" \/>\n<script type=\"application\/ld+json\" class=\"yoast-schema-graph\">{\"@context\":\"https:\/\/schema.org\",\"@graph\":[{\"@type\":\"WebPage\",\"@id\":\"https:\/\/www.numatic.ch\/fr\/comcar-chariots-de-nettoyage\/midmop-mmb1616\/\",\"url\":\"https:\/\/www.numatic.ch\/fr\/comcar-chariots-de-nettoyage\/midmop-mmb1616\/\",\"name\":\"MidMop MMB1616 | Numatic International Schweiz AG\",\"isPartOf\":{\"@id\":\"\/#website\"},\"primaryImageOfPage\":{\"@id\":\"https:\/\/www.numatic.ch\/fr\/comcar-chariots-de-nettoyage\/midmop-mmb1616\/#primaryimage\"},\"image\":{\"@id\":\"https:\/\/www.numatic.ch\/fr\/comcar-chariots-de-nettoyage\/midmop-mmb1616\/#primaryimage\"},\"thumbnailUrl\":\"\/wp-content\/uploads\/910456-5.jpg\",\"datePublished\":\"2025-02-24T11:27:29+00:00\",\"dateModified\":\"2025-02-25T10:17:11+00:00\",\"breadcrumb\":{\"@id\":\"https:\/\/www.numatic.ch\/fr\/comcar-chariots-de-nettoyage\/midmop-mmb1616\/#breadcrumb\"},\"inLanguage\":\"fr-FR\",\"potentialAction\":[{\"@type\":\"ReadAction\",\"target\":[\"https:\/\/www.numatic.ch\/fr\/comcar-chariots-de-nettoyage\/midmop-mmb1616\/\"]}]},{\"@type\":\"ImageObject\",\"inLanguage\":\"fr-FR\",\"@id\":\"https:\/\/www.numatic.ch\/fr\/comcar-chariots-de-nettoyage\/midmop-mmb1616\/#primaryimage\",\"url\":\"\/wp-content\/uploads\/910456-5.jpg\",\"contentUrl\":\"\/wp-content\/uploads\/910456-5.jpg\",\"width\":1500,\"height\":2303},{\"@type\":\"BreadcrumbList\",\"@id\":\"https:\/\/www.numatic.ch\/fr\/comcar-chariots-de-nettoyage\/midmop-mmb1616\/#breadcrumb\",\"itemListElement\":[{\"@type\":\"ListItem\",\"position\":1,\"name\":\"Start\",\"item\":\"https:\/\/www.numatic.ch\/fr\/\"},{\"@type\":\"ListItem\",\"position\":2,\"name\":\"MidMop MMB1616\"}]},{\"@type\":\"WebSite\",\"@id\":\"\/#website\",\"url\":\"\/\",\"name\":\"Numatic International Schweiz AG\",\"description\":\"Numatic(CH) - Der Profi im Reinigungsbereich\",\"publisher\":{\"@id\":\"\/#organization\"},\"potentialAction\":[{\"@type\":\"SearchAction\",\"target\":{\"@type\":\"EntryPoint\",\"urlTemplate\":\"\/?s={search_term_string}\"},\"query-input\":{\"@type\":\"PropertyValueSpecification\",\"valueRequired\":true,\"valueName\":\"search_term_string\"}}],\"inLanguage\":\"fr-FR\"},{\"@type\":\"Organization\",\"@id\":\"\/#organization\",\"name\":\"Numatic International\",\"url\":\"\/\",\"logo\":{\"@type\":\"ImageObject\",\"inLanguage\":\"fr-FR\",\"@id\":\"\/#\/schema\/logo\/image\/\",\"url\":\"\/wp-content\/uploads\/Numatic-Company-Logo.jpg\",\"contentUrl\":\"\/wp-content\/uploads\/Numatic-Company-Logo.jpg\",\"width\":409,\"height\":104,\"caption\":\"Numatic International\"},\"image\":{\"@id\":\"\/#\/schema\/logo\/image\/\"}}]}<\/script>\n<!-- \/ Yoast SEO plugin. -->","yoast_head_json":{"title":"MidMop MMB1616 | Numatic International Schweiz AG","robots":{"index":"index","follow":"follow","max-snippet":"max-snippet:-1","max-image-preview":"max-image-preview:large","max-video-preview":"max-video-preview:-1"},"canonical":"https:\/\/www.numatic.ch\/fr\/comcar-chariots-de-nettoyage\/midmop-mmb1616\/","og_locale":"fr_FR","og_type":"article","og_title":"MidMop MMB1616 | Numatic International Schweiz AG","og_description":"Seau double \u00e0 roulettes avec support pour serpilli\u00e8re pour les travaux d'essuyage classiques","og_url":"https:\/\/www.numatic.ch\/fr\/comcar-chariots-de-nettoyage\/midmop-mmb1616\/","og_site_name":"Numatic International Schweiz AG","article_modified_time":"2025-02-25T10:17:11+00:00","og_image":[{"width":1500,"height":2303,"url":"https:\/\/www.numatic.ch\/wp-content\/uploads\/910456-5.jpg","type":"image\/jpeg"}],"twitter_card":"summary_large_image","schema":{"@context":"https:\/\/schema.org","@graph":[{"@type":"WebPage","@id":"https:\/\/www.numatic.ch\/fr\/comcar-chariots-de-nettoyage\/midmop-mmb1616\/","url":"https:\/\/www.numatic.ch\/fr\/comcar-chariots-de-nettoyage\/midmop-mmb1616\/","name":"MidMop MMB1616 | Numatic International Schweiz AG","isPartOf":{"@id":"\/#website"},"primaryImageOfPage":{"@id":"https:\/\/www.numatic.ch\/fr\/comcar-chariots-de-nettoyage\/midmop-mmb1616\/#primaryimage"},"image":{"@id":"https:\/\/www.numatic.ch\/fr\/comcar-chariots-de-nettoyage\/midmop-mmb1616\/#primaryimage"},"thumbnailUrl":"\/wp-content\/uploads\/910456-5.jpg","datePublished":"2025-02-24T11:27:29+00:00","dateModified":"2025-02-25T10:17:11+00:00","breadcrumb":{"@id":"https:\/\/www.numatic.ch\/fr\/comcar-chariots-de-nettoyage\/midmop-mmb1616\/#breadcrumb"},"inLanguage":"fr-FR","potentialAction":[{"@type":"ReadAction","target":["https:\/\/www.numatic.ch\/fr\/comcar-chariots-de-nettoyage\/midmop-mmb1616\/"]}]},{"@type":"ImageObject","inLanguage":"fr-FR","@id":"https:\/\/www.numatic.ch\/fr\/comcar-chariots-de-nettoyage\/midmop-mmb1616\/#primaryimage","url":"\/wp-content\/uploads\/910456-5.jpg","contentUrl":"\/wp-content\/uploads\/910456-5.jpg","width":1500,"height":2303},{"@type":"BreadcrumbList","@id":"https:\/\/www.numatic.ch\/fr\/comcar-chariots-de-nettoyage\/midmop-mmb1616\/#breadcrumb","itemListElement":[{"@type":"ListItem","position":1,"name":"Start","item":"https:\/\/www.numatic.ch\/fr\/"},{"@type":"ListItem","position":2,"name":"MidMop MMB1616"}]},{"@type":"WebSite","@id":"\/#website","url":"\/","name":"Numatic International Schweiz AG","description":"Numatic(CH) - Der Profi im Reinigungsbereich","publisher":{"@id":"\/#organization"},"potentialAction":[{"@type":"SearchAction","target":{"@type":"EntryPoint","urlTemplate":"\/?s={search_term_string}"},"query-input":{"@type":"PropertyValueSpecification","valueRequired":true,"valueName":"search_term_string"}}],"inLanguage":"fr-FR"},{"@type":"Organization","@id":"\/#organization","name":"Numatic International","url":"\/","logo":{"@type":"ImageObject","inLanguage":"fr-FR","@id":"\/#\/schema\/logo\/image\/","url":"\/wp-content\/uploads\/Numatic-Company-Logo.jpg","contentUrl":"\/wp-content\/uploads\/Numatic-Company-Logo.jpg","width":409,"height":104,"caption":"Numatic International"},"image":{"@id":"\/#\/schema\/logo\/image\/"}}]}},"_links":{"self":[{"href":"https:\/\/www.numatic.ch\/fr\/wp-json\/wp\/v2\/product\/95983","targetHints":{"allow":["GET"]}}],"collection":[{"href":"https:\/\/www.numatic.ch\/fr\/wp-json\/wp\/v2\/product"}],"about":[{"href":"https:\/\/www.numatic.ch\/fr\/wp-json\/wp\/v2\/types\/product"}],"replies":[{"embeddable":true,"href":"https:\/\/www.numatic.ch\/fr\/wp-json\/wp\/v2\/comments?post=95983"}],"wp:featuredmedia":[{"embeddable":true,"href":"https:\/\/www.numatic.ch\/fr\/wp-json\/wp\/v2\/media\/102397"}],"wp:attachment":[{"href":"https:\/\/www.numatic.ch\/fr\/wp-json\/wp\/v2\/media?parent=95983"}],"wp:term":[{"taxonomy":"product_brand","embeddable":true,"href":"https:\/\/www.numatic.ch\/fr\/wp-json\/wp\/v2\/product_brand?post=95983"},{"taxonomy":"product_cat","embeddable":true,"href":"https:\/\/www.numatic.ch\/fr\/wp-json\/wp\/v2\/product_cat?post=95983"},{"taxonomy":"product_tag","embeddable":true,"href":"https:\/\/www.numatic.ch\/fr\/wp-json\/wp\/v2\/product_tag?post=95983"}],"curies":[{"name":"wp","href":"https:\/\/api.w.org\/{rel}","templated":true}]}}