{"id":95832,"date":"2025-02-24T12:17:10","date_gmt":"2025-02-24T11:17:10","guid":{"rendered":"https:\/\/www.numatic.ch\/non%20class\u00e9\/wvd1800ap-2\/"},"modified":"2025-02-25T11:13:45","modified_gmt":"2025-02-25T10:13:45","slug":"wvd1800ap-2","status":"publish","type":"product","link":"https:\/\/www.numatic.ch\/fr\/aspirateurs-eau\/wvd1800ap-2\/","title":{"rendered":"WVD1800AP-2"},"content":{"rendered":"<p>|||Faibles co\u00fbts de suivi gr\u00e2ce au syst\u00e8me de changement rapide du c\u00e2ble|Construction Structofoam robuste \u00e0 base de copolym\u00e8res|Robuste, r\u00e9sistant aux produits chimiques et facile \u00e0 nettoyer|||||||||||||||||||||||||||||Largeur de travail: 400 mm|||||||||||||||||||<\/p>\n","protected":false},"excerpt":{"rendered":"<p>Aspirateur \u00e0 eau bimoteur avec pompe submersible<\/p>\n","protected":false},"featured_media":116811,"comment_status":"closed","ping_status":"closed","template":"","meta":{"_acf_changed":false},"product_brand":[],"product_cat":[2327,2077],"product_tag":[2438],"class_list":{"0":"post-95832","1":"product","2":"type-product","3":"status-publish","4":"has-post-thumbnail","6":"product_cat-aspirateurs-eau","7":"product_cat-dispositifs-daspiration","8":"product_tag-industrie-de-construction","10":"first","11":"instock","12":"taxable","13":"shipping-taxable","14":"purchasable","15":"product-type-simple"},"acf":[],"yoast_head":"<!-- This site is optimized with the Yoast SEO plugin v27.4 - https:\/\/yoast.com\/product\/yoast-seo-wordpress\/ -->\n<title>WVD1800AP-2 | Numatic International Schweiz AG<\/title>\n<meta name=\"robots\" content=\"index, follow, max-snippet:-1, max-image-preview:large, max-video-preview:-1\" \/>\n<link rel=\"canonical\" href=\"https:\/\/www.numatic.ch\/fr\/aspirateurs-eau\/wvd1800ap-2\/\" \/>\n<meta property=\"og:locale\" content=\"fr_FR\" \/>\n<meta property=\"og:type\" content=\"article\" \/>\n<meta property=\"og:title\" content=\"WVD1800AP-2 | Numatic International Schweiz AG\" \/>\n<meta property=\"og:description\" content=\"Aspirateur \u00e0 eau bimoteur avec pompe submersible\" \/>\n<meta property=\"og:url\" content=\"https:\/\/www.numatic.ch\/fr\/aspirateurs-eau\/wvd1800ap-2\/\" \/>\n<meta property=\"og:site_name\" content=\"Numatic International Schweiz AG\" \/>\n<meta property=\"article:modified_time\" content=\"2025-02-25T10:13:45+00:00\" \/>\n<meta property=\"og:image\" content=\"https:\/\/www.numatic.ch\/wp-content\/uploads\/835754-11.jpg\" \/>\n\t<meta property=\"og:image:width\" content=\"1500\" \/>\n\t<meta property=\"og:image:height\" content=\"2072\" \/>\n\t<meta property=\"og:image:type\" content=\"image\/jpeg\" \/>\n<meta name=\"twitter:card\" content=\"summary_large_image\" \/>\n<script type=\"application\/ld+json\" class=\"yoast-schema-graph\">{\"@context\":\"https:\\\/\\\/schema.org\",\"@graph\":[{\"@type\":\"WebPage\",\"@id\":\"https:\\\/\\\/www.numatic.ch\\\/fr\\\/aspirateurs-eau\\\/wvd1800ap-2\\\/\",\"url\":\"https:\\\/\\\/www.numatic.ch\\\/fr\\\/aspirateurs-eau\\\/wvd1800ap-2\\\/\",\"name\":\"WVD1800AP-2 | Numatic International Schweiz AG\",\"isPartOf\":{\"@id\":\"\\\/#website\"},\"primaryImageOfPage\":{\"@id\":\"https:\\\/\\\/www.numatic.ch\\\/fr\\\/aspirateurs-eau\\\/wvd1800ap-2\\\/#primaryimage\"},\"image\":{\"@id\":\"https:\\\/\\\/www.numatic.ch\\\/fr\\\/aspirateurs-eau\\\/wvd1800ap-2\\\/#primaryimage\"},\"thumbnailUrl\":\"\\\/wp-content\\\/uploads\\\/835754-11.jpg\",\"datePublished\":\"2025-02-24T11:17:10+00:00\",\"dateModified\":\"2025-02-25T10:13:45+00:00\",\"breadcrumb\":{\"@id\":\"https:\\\/\\\/www.numatic.ch\\\/fr\\\/aspirateurs-eau\\\/wvd1800ap-2\\\/#breadcrumb\"},\"inLanguage\":\"fr-FR\",\"potentialAction\":[{\"@type\":\"ReadAction\",\"target\":[\"https:\\\/\\\/www.numatic.ch\\\/fr\\\/aspirateurs-eau\\\/wvd1800ap-2\\\/\"]}]},{\"@type\":\"ImageObject\",\"inLanguage\":\"fr-FR\",\"@id\":\"https:\\\/\\\/www.numatic.ch\\\/fr\\\/aspirateurs-eau\\\/wvd1800ap-2\\\/#primaryimage\",\"url\":\"\\\/wp-content\\\/uploads\\\/835754-11.jpg\",\"contentUrl\":\"\\\/wp-content\\\/uploads\\\/835754-11.jpg\",\"width\":1500,\"height\":2072},{\"@type\":\"BreadcrumbList\",\"@id\":\"https:\\\/\\\/www.numatic.ch\\\/fr\\\/aspirateurs-eau\\\/wvd1800ap-2\\\/#breadcrumb\",\"itemListElement\":[{\"@type\":\"ListItem\",\"position\":1,\"name\":\"Start\",\"item\":\"https:\\\/\\\/www.numatic.ch\\\/fr\\\/\"},{\"@type\":\"ListItem\",\"position\":2,\"name\":\"WVD1800AP-2\"}]},{\"@type\":\"WebSite\",\"@id\":\"\\\/#website\",\"url\":\"\\\/\",\"name\":\"Numatic International Schweiz AG\",\"description\":\"Numatic(CH) - Der Profi im Reinigungsbereich\",\"publisher\":{\"@id\":\"\\\/#organization\"},\"potentialAction\":[{\"@type\":\"SearchAction\",\"target\":{\"@type\":\"EntryPoint\",\"urlTemplate\":\"\\\/?s={search_term_string}\"},\"query-input\":{\"@type\":\"PropertyValueSpecification\",\"valueRequired\":true,\"valueName\":\"search_term_string\"}}],\"inLanguage\":\"fr-FR\"},{\"@type\":\"Organization\",\"@id\":\"\\\/#organization\",\"name\":\"Numatic International\",\"url\":\"\\\/\",\"logo\":{\"@type\":\"ImageObject\",\"inLanguage\":\"fr-FR\",\"@id\":\"\\\/#\\\/schema\\\/logo\\\/image\\\/\",\"url\":\"\\\/wp-content\\\/uploads\\\/Numatic-Company-Logo.jpg\",\"contentUrl\":\"\\\/wp-content\\\/uploads\\\/Numatic-Company-Logo.jpg\",\"width\":409,\"height\":104,\"caption\":\"Numatic International\"},\"image\":{\"@id\":\"\\\/#\\\/schema\\\/logo\\\/image\\\/\"}}]}<\/script>\n<!-- \/ Yoast SEO plugin. -->","yoast_head_json":{"title":"WVD1800AP-2 | Numatic International Schweiz AG","robots":{"index":"index","follow":"follow","max-snippet":"max-snippet:-1","max-image-preview":"max-image-preview:large","max-video-preview":"max-video-preview:-1"},"canonical":"https:\/\/www.numatic.ch\/fr\/aspirateurs-eau\/wvd1800ap-2\/","og_locale":"fr_FR","og_type":"article","og_title":"WVD1800AP-2 | Numatic International Schweiz AG","og_description":"Aspirateur \u00e0 eau bimoteur avec pompe submersible","og_url":"https:\/\/www.numatic.ch\/fr\/aspirateurs-eau\/wvd1800ap-2\/","og_site_name":"Numatic International Schweiz AG","article_modified_time":"2025-02-25T10:13:45+00:00","og_image":[{"width":1500,"height":2072,"url":"https:\/\/www.numatic.ch\/wp-content\/uploads\/835754-11.jpg","type":"image\/jpeg"}],"twitter_card":"summary_large_image","schema":{"@context":"https:\/\/schema.org","@graph":[{"@type":"WebPage","@id":"https:\/\/www.numatic.ch\/fr\/aspirateurs-eau\/wvd1800ap-2\/","url":"https:\/\/www.numatic.ch\/fr\/aspirateurs-eau\/wvd1800ap-2\/","name":"WVD1800AP-2 | Numatic International Schweiz AG","isPartOf":{"@id":"\/#website"},"primaryImageOfPage":{"@id":"https:\/\/www.numatic.ch\/fr\/aspirateurs-eau\/wvd1800ap-2\/#primaryimage"},"image":{"@id":"https:\/\/www.numatic.ch\/fr\/aspirateurs-eau\/wvd1800ap-2\/#primaryimage"},"thumbnailUrl":"\/wp-content\/uploads\/835754-11.jpg","datePublished":"2025-02-24T11:17:10+00:00","dateModified":"2025-02-25T10:13:45+00:00","breadcrumb":{"@id":"https:\/\/www.numatic.ch\/fr\/aspirateurs-eau\/wvd1800ap-2\/#breadcrumb"},"inLanguage":"fr-FR","potentialAction":[{"@type":"ReadAction","target":["https:\/\/www.numatic.ch\/fr\/aspirateurs-eau\/wvd1800ap-2\/"]}]},{"@type":"ImageObject","inLanguage":"fr-FR","@id":"https:\/\/www.numatic.ch\/fr\/aspirateurs-eau\/wvd1800ap-2\/#primaryimage","url":"\/wp-content\/uploads\/835754-11.jpg","contentUrl":"\/wp-content\/uploads\/835754-11.jpg","width":1500,"height":2072},{"@type":"BreadcrumbList","@id":"https:\/\/www.numatic.ch\/fr\/aspirateurs-eau\/wvd1800ap-2\/#breadcrumb","itemListElement":[{"@type":"ListItem","position":1,"name":"Start","item":"https:\/\/www.numatic.ch\/fr\/"},{"@type":"ListItem","position":2,"name":"WVD1800AP-2"}]},{"@type":"WebSite","@id":"\/#website","url":"\/","name":"Numatic International Schweiz AG","description":"Numatic(CH) - Der Profi im Reinigungsbereich","publisher":{"@id":"\/#organization"},"potentialAction":[{"@type":"SearchAction","target":{"@type":"EntryPoint","urlTemplate":"\/?s={search_term_string}"},"query-input":{"@type":"PropertyValueSpecification","valueRequired":true,"valueName":"search_term_string"}}],"inLanguage":"fr-FR"},{"@type":"Organization","@id":"\/#organization","name":"Numatic International","url":"\/","logo":{"@type":"ImageObject","inLanguage":"fr-FR","@id":"\/#\/schema\/logo\/image\/","url":"\/wp-content\/uploads\/Numatic-Company-Logo.jpg","contentUrl":"\/wp-content\/uploads\/Numatic-Company-Logo.jpg","width":409,"height":104,"caption":"Numatic International"},"image":{"@id":"\/#\/schema\/logo\/image\/"}}]}},"_links":{"self":[{"href":"https:\/\/www.numatic.ch\/fr\/wp-json\/wp\/v2\/product\/95832","targetHints":{"allow":["GET"]}}],"collection":[{"href":"https:\/\/www.numatic.ch\/fr\/wp-json\/wp\/v2\/product"}],"about":[{"href":"https:\/\/www.numatic.ch\/fr\/wp-json\/wp\/v2\/types\/product"}],"replies":[{"embeddable":true,"href":"https:\/\/www.numatic.ch\/fr\/wp-json\/wp\/v2\/comments?post=95832"}],"wp:featuredmedia":[{"embeddable":true,"href":"https:\/\/www.numatic.ch\/fr\/wp-json\/wp\/v2\/media\/116811"}],"wp:attachment":[{"href":"https:\/\/www.numatic.ch\/fr\/wp-json\/wp\/v2\/media?parent=95832"}],"wp:term":[{"taxonomy":"product_brand","embeddable":true,"href":"https:\/\/www.numatic.ch\/fr\/wp-json\/wp\/v2\/product_brand?post=95832"},{"taxonomy":"product_cat","embeddable":true,"href":"https:\/\/www.numatic.ch\/fr\/wp-json\/wp\/v2\/product_cat?post=95832"},{"taxonomy":"product_tag","embeddable":true,"href":"https:\/\/www.numatic.ch\/fr\/wp-json\/wp\/v2\/product_tag?post=95832"}],"curies":[{"name":"wp","href":"https:\/\/api.w.org\/{rel}","templated":true}]}}