{"id":20699,"date":"2021-04-15T16:29:39","date_gmt":"2021-04-15T15:29:39","guid":{"rendered":"https:\/\/www.numatic.ch\/?page_id=20699"},"modified":"2026-02-11T15:36:34","modified_gmt":"2026-02-11T14:36:34","slug":"imprimer","status":"publish","type":"page","link":"https:\/\/www.numatic.ch\/fr\/imprimer\/","title":{"rendered":"Impressum FR"},"content":{"rendered":"\t\t<div data-elementor-type=\"wp-page\" data-elementor-id=\"20699\" class=\"elementor elementor-20699 elementor-15281\" data-elementor-post-type=\"page\">\n\t\t\t\t\t\t<section class=\"elementor-section elementor-top-section elementor-element elementor-element-bee6d8a elementor-section-stretched elementor-section-boxed elementor-section-height-default elementor-section-height-default\" data-id=\"bee6d8a\" data-element_type=\"section\" data-e-type=\"section\" data-settings=\"{&quot;stretch_section&quot;:&quot;section-stretched&quot;,&quot;jet_parallax_layout_list&quot;:[{&quot;_id&quot;:&quot;405c97f&quot;,&quot;jet_parallax_layout_image&quot;:{&quot;url&quot;:&quot;&quot;,&quot;id&quot;:&quot;&quot;,&quot;size&quot;:&quot;&quot;},&quot;jet_parallax_layout_image_tablet&quot;:{&quot;url&quot;:&quot;&quot;,&quot;id&quot;:&quot;&quot;,&quot;size&quot;:&quot;&quot;},&quot;jet_parallax_layout_image_mobile&quot;:{&quot;url&quot;:&quot;&quot;,&quot;id&quot;:&quot;&quot;,&quot;size&quot;:&quot;&quot;},&quot;jet_parallax_layout_speed&quot;:{&quot;unit&quot;:&quot;%&quot;,&quot;size&quot;:50,&quot;sizes&quot;:[]},&quot;jet_parallax_layout_type&quot;:&quot;scroll&quot;,&quot;jet_parallax_layout_direction&quot;:&quot;1&quot;,&quot;jet_parallax_layout_fx_direction&quot;:null,&quot;jet_parallax_layout_z_index&quot;:&quot;&quot;,&quot;jet_parallax_layout_bg_x&quot;:50,&quot;jet_parallax_layout_bg_x_tablet&quot;:&quot;&quot;,&quot;jet_parallax_layout_bg_x_mobile&quot;:&quot;&quot;,&quot;jet_parallax_layout_bg_y&quot;:50,&quot;jet_parallax_layout_bg_y_tablet&quot;:&quot;&quot;,&quot;jet_parallax_layout_bg_y_mobile&quot;:&quot;&quot;,&quot;jet_parallax_layout_bg_size&quot;:&quot;auto&quot;,&quot;jet_parallax_layout_bg_size_tablet&quot;:&quot;&quot;,&quot;jet_parallax_layout_bg_size_mobile&quot;:&quot;&quot;,&quot;jet_parallax_layout_animation_prop&quot;:&quot;transform&quot;,&quot;jet_parallax_layout_on&quot;:[&quot;desktop&quot;,&quot;tablet&quot;]}],&quot;background_background&quot;:&quot;classic&quot;}\">\n\t\t\t\t\t\t\t<div class=\"elementor-background-overlay\"><\/div>\n\t\t\t\t\t\t\t<div class=\"elementor-container elementor-column-gap-default\">\n\t\t\t\t\t<div class=\"elementor-column elementor-col-50 elementor-top-column elementor-element elementor-element-8b7c4ee\" data-id=\"8b7c4ee\" data-element_type=\"column\" data-e-type=\"column\">\n\t\t\t<div class=\"elementor-widget-wrap elementor-element-populated\">\n\t\t\t\t\t\t<div class=\"elementor-element elementor-element-345bdec elementor-widget elementor-widget-heading\" data-id=\"345bdec\" data-element_type=\"widget\" data-e-type=\"widget\" data-widget_type=\"heading.default\">\n\t\t\t\t<div class=\"elementor-widget-container\">\n\t\t\t\t\t<h1 class=\"elementor-heading-title elementor-size-default\">Impression<\/h1>\t\t\t\t<\/div>\n\t\t\t\t<\/div>\n\t\t\t\t\t<\/div>\n\t\t<\/div>\n\t\t\t\t<div class=\"elementor-column elementor-col-50 elementor-top-column elementor-element elementor-element-812da4b\" data-id=\"812da4b\" data-element_type=\"column\" data-e-type=\"column\">\n\t\t\t<div class=\"elementor-widget-wrap elementor-element-populated\">\n\t\t\t\t\t\t<div class=\"elementor-element elementor-element-96d859f elementor-align-right elementor-mobile-align-left elementor-widget elementor-widget-breadcrumbs\" data-id=\"96d859f\" data-element_type=\"widget\" data-e-type=\"widget\" data-widget_type=\"breadcrumbs.default\">\n\t\t\t\t<div class=\"elementor-widget-container\">\n\t\t\t\t\t<p id=\"breadcrumbs\"><span><span><a href=\"https:\/\/www.numatic.ch\/fr\/\">Start<\/a><\/span><\/span><\/p>\t\t\t\t<\/div>\n\t\t\t\t<\/div>\n\t\t\t\t\t<\/div>\n\t\t<\/div>\n\t\t\t\t\t<\/div>\n\t\t<\/section>\n\t\t\t\t<section class=\"elementor-section elementor-top-section elementor-element elementor-element-1b95f02 elementor-section-stretched elementor-section-boxed elementor-section-height-default elementor-section-height-default\" data-id=\"1b95f02\" data-element_type=\"section\" data-e-type=\"section\" data-settings=\"{&quot;stretch_section&quot;:&quot;section-stretched&quot;,&quot;jet_parallax_layout_list&quot;:[{&quot;jet_parallax_layout_image&quot;:{&quot;url&quot;:&quot;&quot;,&quot;id&quot;:&quot;&quot;,&quot;size&quot;:&quot;&quot;},&quot;_id&quot;:&quot;571c7f9&quot;,&quot;jet_parallax_layout_image_tablet&quot;:{&quot;url&quot;:&quot;&quot;,&quot;id&quot;:&quot;&quot;,&quot;size&quot;:&quot;&quot;},&quot;jet_parallax_layout_image_mobile&quot;:{&quot;url&quot;:&quot;&quot;,&quot;id&quot;:&quot;&quot;,&quot;size&quot;:&quot;&quot;},&quot;jet_parallax_layout_speed&quot;:{&quot;unit&quot;:&quot;%&quot;,&quot;size&quot;:50,&quot;sizes&quot;:[]},&quot;jet_parallax_layout_type&quot;:&quot;scroll&quot;,&quot;jet_parallax_layout_direction&quot;:&quot;1&quot;,&quot;jet_parallax_layout_fx_direction&quot;:null,&quot;jet_parallax_layout_z_index&quot;:&quot;&quot;,&quot;jet_parallax_layout_bg_x&quot;:50,&quot;jet_parallax_layout_bg_x_tablet&quot;:&quot;&quot;,&quot;jet_parallax_layout_bg_x_mobile&quot;:&quot;&quot;,&quot;jet_parallax_layout_bg_y&quot;:50,&quot;jet_parallax_layout_bg_y_tablet&quot;:&quot;&quot;,&quot;jet_parallax_layout_bg_y_mobile&quot;:&quot;&quot;,&quot;jet_parallax_layout_bg_size&quot;:&quot;auto&quot;,&quot;jet_parallax_layout_bg_size_tablet&quot;:&quot;&quot;,&quot;jet_parallax_layout_bg_size_mobile&quot;:&quot;&quot;,&quot;jet_parallax_layout_animation_prop&quot;:&quot;transform&quot;,&quot;jet_parallax_layout_on&quot;:[&quot;desktop&quot;,&quot;tablet&quot;]}],&quot;background_background&quot;:&quot;classic&quot;}\">\n\t\t\t\t\t\t<div class=\"elementor-container elementor-column-gap-default\">\n\t\t\t\t\t<div class=\"elementor-column elementor-col-100 elementor-top-column elementor-element elementor-element-b5e7057\" data-id=\"b5e7057\" data-element_type=\"column\" data-e-type=\"column\" data-settings=\"{&quot;background_background&quot;:&quot;classic&quot;}\">\n\t\t\t<div class=\"elementor-widget-wrap elementor-element-populated\">\n\t\t\t\t\t\t<section class=\"elementor-section elementor-inner-section elementor-element elementor-element-148e04b elementor-section-boxed elementor-section-height-default elementor-section-height-default\" data-id=\"148e04b\" data-element_type=\"section\" data-e-type=\"section\" data-settings=\"{&quot;jet_parallax_layout_list&quot;:[{&quot;jet_parallax_layout_image&quot;:{&quot;url&quot;:&quot;&quot;,&quot;id&quot;:&quot;&quot;,&quot;size&quot;:&quot;&quot;},&quot;_id&quot;:&quot;c9a4033&quot;,&quot;jet_parallax_layout_image_tablet&quot;:{&quot;url&quot;:&quot;&quot;,&quot;id&quot;:&quot;&quot;,&quot;size&quot;:&quot;&quot;},&quot;jet_parallax_layout_image_mobile&quot;:{&quot;url&quot;:&quot;&quot;,&quot;id&quot;:&quot;&quot;,&quot;size&quot;:&quot;&quot;},&quot;jet_parallax_layout_speed&quot;:{&quot;unit&quot;:&quot;%&quot;,&quot;size&quot;:50,&quot;sizes&quot;:[]},&quot;jet_parallax_layout_type&quot;:&quot;scroll&quot;,&quot;jet_parallax_layout_direction&quot;:&quot;1&quot;,&quot;jet_parallax_layout_fx_direction&quot;:null,&quot;jet_parallax_layout_z_index&quot;:&quot;&quot;,&quot;jet_parallax_layout_bg_x&quot;:50,&quot;jet_parallax_layout_bg_x_tablet&quot;:&quot;&quot;,&quot;jet_parallax_layout_bg_x_mobile&quot;:&quot;&quot;,&quot;jet_parallax_layout_bg_y&quot;:50,&quot;jet_parallax_layout_bg_y_tablet&quot;:&quot;&quot;,&quot;jet_parallax_layout_bg_y_mobile&quot;:&quot;&quot;,&quot;jet_parallax_layout_bg_size&quot;:&quot;auto&quot;,&quot;jet_parallax_layout_bg_size_tablet&quot;:&quot;&quot;,&quot;jet_parallax_layout_bg_size_mobile&quot;:&quot;&quot;,&quot;jet_parallax_layout_animation_prop&quot;:&quot;transform&quot;,&quot;jet_parallax_layout_on&quot;:[&quot;desktop&quot;,&quot;tablet&quot;]}]}\">\n\t\t\t\t\t\t<div class=\"elementor-container elementor-column-gap-default\">\n\t\t\t\t\t<div class=\"elementor-column elementor-col-100 elementor-inner-column elementor-element elementor-element-cffee42\" data-id=\"cffee42\" data-element_type=\"column\" data-e-type=\"column\">\n\t\t\t<div class=\"elementor-widget-wrap elementor-element-populated\">\n\t\t\t\t\t\t<div class=\"elementor-element elementor-element-3b6e381 elementor-widget elementor-widget-heading\" data-id=\"3b6e381\" data-element_type=\"widget\" data-e-type=\"widget\" data-widget_type=\"heading.default\">\n\t\t\t\t<div class=\"elementor-widget-container\">\n\t\t\t\t\t<h3 class=\"elementor-heading-title elementor-size-default\">Impression<\/h3>\t\t\t\t<\/div>\n\t\t\t\t<\/div>\n\t\t\t\t<div class=\"elementor-element elementor-element-3442d00 elementor-widget elementor-widget-text-editor\" data-id=\"3442d00\" data-element_type=\"widget\" data-e-type=\"widget\" data-widget_type=\"text-editor.default\">\n\t\t\t\t<div class=\"elementor-widget-container\">\n\t\t\t\t\t\t\t\t\t<div><p>Publi\u00e9 par<br \/>Numatic International Schweiz AG<br \/>Sihlbruggstrasse 3A<br \/>Ch-6340 Baar<br \/>T\u00e9l. +41 (0)41 &#8211; 768 07 60<br \/>Fax +41 (0)41 &#8211; 768 07 69<br \/><a href=\"mailto:info@numatic.ch\" target=\"_blank\" rel=\"noopener\" data-auto-event-observed=\"true\">info@numatic.ch<\/a><br \/><a href=\"http:\/\/numatic.ch\" target=\"_blank\" rel=\"noopener\" data-auto-event-observed=\"true\">www.numatic.ch<\/a><\/p><\/div><div><p class=\"value\">CH-170.3.034.024-8 Office du registre du commerce de Baar<br \/>N\u00b0 d&rsquo;identification TVA : CHE-115.259.151<\/p><p>Directeur g\u00e9n\u00e9ral : Patrick Kessler<br \/>Website: Birte Bergmann<\/p><\/div><h3>Avis de non-responsabilit\u00e9<\/h3><p>Malgr\u00e9 un contr\u00f4le minutieux du contenu, nous n&rsquo;assumons aucune responsabilit\u00e9 quant au contenu des liens externes. Les op\u00e9rateurs des pages li\u00e9es sont seuls responsables de leur contenu.<\/p><div role=\"document\"><section><div data-aos=\"fade\"><div><h3>Exigences en mati\u00e8re d&rsquo;information pour le r\u00e8glement des litiges<\/h3><\/div><div><p>Nous avons choisi de ne pas participer \u00e0 un processus d&rsquo;arbitrage et nous ne sommes pas oblig\u00e9s de le faire.<\/p><\/div><div><h3>Mise en \u0153uvre :<\/h3><\/div><div><p>KONTOR4 GmbH;<a href=\"https:\/\/www.kontor4.de\" data-auto-event-observed=\"true\"> www.kontor4.de<\/a><\/p><\/div><\/div><\/section><\/div><footer role=\"contentinfo\"><div><div>\u00a0<\/div><\/div><\/footer>\t\t\t\t\t\t\t\t<\/div>\n\t\t\t\t<\/div>\n\t\t\t\t\t<\/div>\n\t\t<\/div>\n\t\t\t\t\t<\/div>\n\t\t<\/section>\n\t\t\t\t\t<\/div>\n\t\t<\/div>\n\t\t\t\t\t<\/div>\n\t\t<\/section>\n\t\t\t\t<\/div>\n\t\t","protected":false},"excerpt":{"rendered":"<p>Publi\u00e9 par<br \/>\nNumatic International Schweiz AG<br \/>\nSihlbruggstrasse 3A<\/p>\n","protected":false},"author":30,"featured_media":20700,"parent":0,"menu_order":0,"comment_status":"closed","ping_status":"closed","template":"","meta":{"_acf_changed":false,"footnotes":""},"class_list":["post-20699","page","type-page","status-publish","has-post-thumbnail","hentry"],"acf":[],"yoast_head":"<!-- This site is optimized with the Yoast SEO plugin v27.4 - https:\/\/yoast.com\/product\/yoast-seo-wordpress\/ -->\n<title>Imprimer | Numatic International Schweiz AG<\/title>\n<meta name=\"description\" content=\"Publi\u00e9 par | Numatic International Schweiz AG | Sihlbruggstrasse 3A\" \/>\n<meta name=\"robots\" content=\"index, follow, max-snippet:-1, max-image-preview:large, max-video-preview:-1\" \/>\n<link rel=\"canonical\" href=\"https:\/\/www.numatic.ch\/fr\/imprimer\/\" \/>\n<meta property=\"og:locale\" content=\"fr_FR\" \/>\n<meta property=\"og:type\" content=\"article\" \/>\n<meta property=\"og:title\" content=\"Imprimer | Numatic International Schweiz AG\" \/>\n<meta property=\"og:description\" content=\"Publi\u00e9 par | Numatic International Schweiz AG | Sihlbruggstrasse 3A\" \/>\n<meta property=\"og:url\" content=\"https:\/\/www.numatic.ch\/fr\/imprimer\/\" \/>\n<meta property=\"og:site_name\" content=\"Numatic International Schweiz AG\" \/>\n<meta property=\"article:modified_time\" content=\"2026-02-11T14:36:34+00:00\" \/>\n<meta property=\"og:image\" content=\"https:\/\/www.numatic.ch\/wp-content\/uploads\/Terms-Conditions-Image.jpg\" \/>\n\t<meta property=\"og:image:width\" content=\"1000\" \/>\n\t<meta property=\"og:image:height\" content=\"1000\" \/>\n\t<meta property=\"og:image:type\" content=\"image\/jpeg\" \/>\n<meta name=\"twitter:card\" content=\"summary_large_image\" \/>\n<meta name=\"twitter:label1\" content=\"Dur\u00e9e de lecture estim\u00e9e\" \/>\n\t<meta name=\"twitter:data1\" content=\"1 minute\" \/>\n<script type=\"application\/ld+json\" class=\"yoast-schema-graph\">{\"@context\":\"https:\\\/\\\/schema.org\",\"@graph\":[{\"@type\":\"WebPage\",\"@id\":\"https:\\\/\\\/www.numatic.ch\\\/fr\\\/imprimer\\\/\",\"url\":\"https:\\\/\\\/www.numatic.ch\\\/fr\\\/imprimer\\\/\",\"name\":\"Imprimer | Numatic International Schweiz AG\",\"isPartOf\":{\"@id\":\"\\\/#website\"},\"primaryImageOfPage\":{\"@id\":\"https:\\\/\\\/www.numatic.ch\\\/fr\\\/imprimer\\\/#primaryimage\"},\"image\":{\"@id\":\"https:\\\/\\\/www.numatic.ch\\\/fr\\\/imprimer\\\/#primaryimage\"},\"thumbnailUrl\":\"\\\/wp-content\\\/uploads\\\/Terms-Conditions-Image.jpg\",\"datePublished\":\"2021-04-15T15:29:39+00:00\",\"dateModified\":\"2026-02-11T14:36:34+00:00\",\"description\":\"Publi\u00e9 par | Numatic International Schweiz AG | Sihlbruggstrasse 3A\",\"breadcrumb\":{\"@id\":\"https:\\\/\\\/www.numatic.ch\\\/fr\\\/imprimer\\\/#breadcrumb\"},\"inLanguage\":\"fr-FR\",\"potentialAction\":[{\"@type\":\"ReadAction\",\"target\":[\"https:\\\/\\\/www.numatic.ch\\\/fr\\\/imprimer\\\/\"]}]},{\"@type\":\"ImageObject\",\"inLanguage\":\"fr-FR\",\"@id\":\"https:\\\/\\\/www.numatic.ch\\\/fr\\\/imprimer\\\/#primaryimage\",\"url\":\"\\\/wp-content\\\/uploads\\\/Terms-Conditions-Image.jpg\",\"contentUrl\":\"\\\/wp-content\\\/uploads\\\/Terms-Conditions-Image.jpg\",\"width\":1000,\"height\":1000},{\"@type\":\"BreadcrumbList\",\"@id\":\"https:\\\/\\\/www.numatic.ch\\\/fr\\\/imprimer\\\/#breadcrumb\",\"itemListElement\":[{\"@type\":\"ListItem\",\"position\":1,\"name\":\"Start\",\"item\":\"https:\\\/\\\/www.numatic.ch\\\/fr\\\/\"},{\"@type\":\"ListItem\",\"position\":2,\"name\":\"Impressum FR\"}]},{\"@type\":\"WebSite\",\"@id\":\"\\\/#website\",\"url\":\"\\\/\",\"name\":\"Numatic International Schweiz AG\",\"description\":\"Numatic(CH) - Der Profi im Reinigungsbereich\",\"publisher\":{\"@id\":\"\\\/#organization\"},\"potentialAction\":[{\"@type\":\"SearchAction\",\"target\":{\"@type\":\"EntryPoint\",\"urlTemplate\":\"\\\/?s={search_term_string}\"},\"query-input\":{\"@type\":\"PropertyValueSpecification\",\"valueRequired\":true,\"valueName\":\"search_term_string\"}}],\"inLanguage\":\"fr-FR\"},{\"@type\":\"Organization\",\"@id\":\"\\\/#organization\",\"name\":\"Numatic International\",\"url\":\"\\\/\",\"logo\":{\"@type\":\"ImageObject\",\"inLanguage\":\"fr-FR\",\"@id\":\"\\\/#\\\/schema\\\/logo\\\/image\\\/\",\"url\":\"\\\/wp-content\\\/uploads\\\/Numatic-Company-Logo.jpg\",\"contentUrl\":\"\\\/wp-content\\\/uploads\\\/Numatic-Company-Logo.jpg\",\"width\":409,\"height\":104,\"caption\":\"Numatic International\"},\"image\":{\"@id\":\"\\\/#\\\/schema\\\/logo\\\/image\\\/\"}}]}<\/script>\n<!-- \/ Yoast SEO plugin. -->","yoast_head_json":{"title":"Imprimer | Numatic International Schweiz AG","description":"Publi\u00e9 par | Numatic International Schweiz AG | Sihlbruggstrasse 3A","robots":{"index":"index","follow":"follow","max-snippet":"max-snippet:-1","max-image-preview":"max-image-preview:large","max-video-preview":"max-video-preview:-1"},"canonical":"https:\/\/www.numatic.ch\/fr\/imprimer\/","og_locale":"fr_FR","og_type":"article","og_title":"Imprimer | Numatic International Schweiz AG","og_description":"Publi\u00e9 par | Numatic International Schweiz AG | Sihlbruggstrasse 3A","og_url":"https:\/\/www.numatic.ch\/fr\/imprimer\/","og_site_name":"Numatic International Schweiz AG","article_modified_time":"2026-02-11T14:36:34+00:00","og_image":[{"width":1000,"height":1000,"url":"https:\/\/www.numatic.ch\/wp-content\/uploads\/Terms-Conditions-Image.jpg","type":"image\/jpeg"}],"twitter_card":"summary_large_image","twitter_misc":{"Dur\u00e9e de lecture estim\u00e9e":"1 minute"},"schema":{"@context":"https:\/\/schema.org","@graph":[{"@type":"WebPage","@id":"https:\/\/www.numatic.ch\/fr\/imprimer\/","url":"https:\/\/www.numatic.ch\/fr\/imprimer\/","name":"Imprimer | Numatic International Schweiz AG","isPartOf":{"@id":"\/#website"},"primaryImageOfPage":{"@id":"https:\/\/www.numatic.ch\/fr\/imprimer\/#primaryimage"},"image":{"@id":"https:\/\/www.numatic.ch\/fr\/imprimer\/#primaryimage"},"thumbnailUrl":"\/wp-content\/uploads\/Terms-Conditions-Image.jpg","datePublished":"2021-04-15T15:29:39+00:00","dateModified":"2026-02-11T14:36:34+00:00","description":"Publi\u00e9 par | Numatic International Schweiz AG | Sihlbruggstrasse 3A","breadcrumb":{"@id":"https:\/\/www.numatic.ch\/fr\/imprimer\/#breadcrumb"},"inLanguage":"fr-FR","potentialAction":[{"@type":"ReadAction","target":["https:\/\/www.numatic.ch\/fr\/imprimer\/"]}]},{"@type":"ImageObject","inLanguage":"fr-FR","@id":"https:\/\/www.numatic.ch\/fr\/imprimer\/#primaryimage","url":"\/wp-content\/uploads\/Terms-Conditions-Image.jpg","contentUrl":"\/wp-content\/uploads\/Terms-Conditions-Image.jpg","width":1000,"height":1000},{"@type":"BreadcrumbList","@id":"https:\/\/www.numatic.ch\/fr\/imprimer\/#breadcrumb","itemListElement":[{"@type":"ListItem","position":1,"name":"Start","item":"https:\/\/www.numatic.ch\/fr\/"},{"@type":"ListItem","position":2,"name":"Impressum FR"}]},{"@type":"WebSite","@id":"\/#website","url":"\/","name":"Numatic International Schweiz AG","description":"Numatic(CH) - Der Profi im Reinigungsbereich","publisher":{"@id":"\/#organization"},"potentialAction":[{"@type":"SearchAction","target":{"@type":"EntryPoint","urlTemplate":"\/?s={search_term_string}"},"query-input":{"@type":"PropertyValueSpecification","valueRequired":true,"valueName":"search_term_string"}}],"inLanguage":"fr-FR"},{"@type":"Organization","@id":"\/#organization","name":"Numatic International","url":"\/","logo":{"@type":"ImageObject","inLanguage":"fr-FR","@id":"\/#\/schema\/logo\/image\/","url":"\/wp-content\/uploads\/Numatic-Company-Logo.jpg","contentUrl":"\/wp-content\/uploads\/Numatic-Company-Logo.jpg","width":409,"height":104,"caption":"Numatic International"},"image":{"@id":"\/#\/schema\/logo\/image\/"}}]}},"_links":{"self":[{"href":"https:\/\/www.numatic.ch\/fr\/wp-json\/wp\/v2\/pages\/20699","targetHints":{"allow":["GET"]}}],"collection":[{"href":"https:\/\/www.numatic.ch\/fr\/wp-json\/wp\/v2\/pages"}],"about":[{"href":"https:\/\/www.numatic.ch\/fr\/wp-json\/wp\/v2\/types\/page"}],"author":[{"embeddable":true,"href":"https:\/\/www.numatic.ch\/fr\/wp-json\/wp\/v2\/users\/30"}],"replies":[{"embeddable":true,"href":"https:\/\/www.numatic.ch\/fr\/wp-json\/wp\/v2\/comments?post=20699"}],"version-history":[{"count":1,"href":"https:\/\/www.numatic.ch\/fr\/wp-json\/wp\/v2\/pages\/20699\/revisions"}],"predecessor-version":[{"id":126133,"href":"https:\/\/www.numatic.ch\/fr\/wp-json\/wp\/v2\/pages\/20699\/revisions\/126133"}],"wp:featuredmedia":[{"embeddable":true,"href":"https:\/\/www.numatic.ch\/fr\/wp-json\/wp\/v2\/media\/20700"}],"wp:attachment":[{"href":"https:\/\/www.numatic.ch\/fr\/wp-json\/wp\/v2\/media?parent=20699"}],"curies":[{"name":"wp","href":"https:\/\/api.w.org\/{rel}","templated":true}]}}